{"id":3,"date":"2021-09-14T09:48:26","date_gmt":"2021-09-14T07:48:26","guid":{"rendered":"https:\/\/mockup.gemea.com\/?page_id=3"},"modified":"2025-04-14T16:28:51","modified_gmt":"2025-04-14T14:28:51","slug":"politique-de-confidentialite","status":"publish","type":"page","link":"https:\/\/preprod.ihu-respirera.fr\/fr\/politique-de-confidentialite\/","title":{"rendered":"Mentions L\u00e9gales &#038; Politique de confidentialit\u00e9"},"content":{"rendered":"\t\t<div data-elementor-type=\"wp-page\" data-elementor-id=\"3\" class=\"elementor elementor-3\" data-elementor-post-type=\"page\">\n\t\t\t\t\t\t<section class=\"elementor-section elementor-top-section elementor-element elementor-element-097cd47 elementor-section-boxed elementor-section-height-default elementor-section-height-default\" data-id=\"097cd47\" data-element_type=\"section\" data-e-type=\"section\">\n\t\t\t\t\t\t<div class=\"elementor-container elementor-column-gap-wider\">\n\t\t\t\t\t<div class=\"elementor-column elementor-col-100 elementor-top-column elementor-element elementor-element-12ec91e\" data-id=\"12ec91e\" data-element_type=\"column\" data-e-type=\"column\">\n\t\t\t<div class=\"elementor-widget-wrap elementor-element-populated\">\n\t\t\t\t\t\t<div class=\"elementor-element elementor-element-582855e elementor-widget-divider--view-line elementor-widget elementor-widget-divider\" data-id=\"582855e\" data-element_type=\"widget\" data-e-type=\"widget\" id=\"mentions-legales\" data-widget_type=\"divider.default\">\n\t\t\t\t\t\t\t<div class=\"elementor-divider\">\n\t\t\t<span class=\"elementor-divider-separator\">\n\t\t\t\t\t\t<\/span>\n\t\t<\/div>\n\t\t\t\t\t\t<\/div>\n\t\t\t\t<div class=\"elementor-element elementor-element-c362bb1 elementor-widget elementor-widget-text-editor\" data-id=\"c362bb1\" data-element_type=\"widget\" data-e-type=\"widget\" data-widget_type=\"text-editor.default\">\n\t\t\t\t\t\t\t\t\t<div>\n<h1><b>Mentions l\u00e9gales<\/b><\/h1>\n<\/div>\n<p style=\"font-weight: 400\"><strong>\u00c9diteur du Site<\/strong><\/p>\n<p style=\"font-weight: 400\">En vertu de l\u2019article 6 de la Loi n\u00b02004-575 du 21 juin 2004 pour la Confiance dans l\u2019Economie Num\u00e9rique (LCEN), il est pr\u00e9cis\u00e9 que notre site internet est \u00e9dit\u00e9 par l\u2019IHU RespirERA\u00a0:<\/p>\n<p style=\"font-weight: 400\"><strong>Adresse du si\u00e8ge social :<\/strong><\/p>\n<p style=\"font-weight: 400\">Laboratoire de Pathologie Clinique et Exp\u00e9rimentale<\/p>\n<p style=\"font-weight: 400\">H\u00f4pital Pasteur 1<\/p>\n<p style=\"font-weight: 400\">Centre Hospitalier Universitaire de Nice<\/p>\n<p style=\"font-weight: 400\">30 avenue de la voie Romaine<\/p>\n<p style=\"font-weight: 400\">06001 NICE cedex 1<\/p>\n<p style=\"font-weight: 400\"><strong>SIRET<\/strong> : 93300670200015<\/p>\n<p style=\"font-weight: 400\"><strong>E-mail<\/strong> : <a href=\"mailto:ihurespirera@chu-nice.fr\">ihurespirera@chu-nice.fr<\/a><\/p>\n<p style=\"font-weight: 400\">Le Directeur de la publication est IHU RespirERA.<\/p>\n<p style=\"font-weight: 400\"><strong>H\u00e9bergeur du Site<\/strong><\/p>\n<p style=\"font-weight: 400\">Le Site est h\u00e9berg\u00e9 par la soci\u00e9t\u00e9 : OVH<\/p>\n<p style=\"font-weight: 400\">Adresse : 2, rue Kellermann BP 80157 59053 ROUBAIX Cedex 1<br \/>\nE-mail : support@ovh.com<br \/>\nNum\u00e9ro d\u2019immatriculation au Registre du Commerce et des Soci\u00e9t\u00e9s de Lille : B 424 761\u202f419<\/p>\n<p style=\"font-weight: 400\"><strong>Agence de communication<\/strong><br \/>\nGEMEA Interactive<br \/>\nE-Mail : info@gemea.com<\/p>\n<p style=\"font-weight: 400\"><strong>Cr\u00e9ation de site internet<\/strong><br \/>\nAgence de communication sp\u00e9cialis\u00e9e en cr\u00e9ation de site internet<br \/>\nGEMEA Interactive<br \/>\nE-mail : info@gemea.com<\/p>\n<p>&nbsp;<\/p>\n<ol>\n<li><strong>Acceptation des Conditions<\/strong><\/li>\n<\/ol>\n<p style=\"font-weight: 400\">En acc\u00e9dant au Site web ihu-respirera.fr, vous devez accepter express\u00e9ment les pr\u00e9sentes Conditions G\u00e9n\u00e9rales d&rsquo;Utilisation (CGU) en cliquant sur le bouton \u00ab J\u2019accepte les CGU \u00bb. \u00c0 d\u00e9faut d&rsquo;acceptation, l&rsquo;acc\u00e8s au site et \u00e0 ses contenus ne sera pas possible.<\/p>\n<p>&nbsp;<\/p>\n<ol start=\"2\">\n<li><strong>Modifications des Conditions<\/strong><\/li>\n<\/ol>\n<p style=\"font-weight: 400\">Nous nous r\u00e9servons le droit de modifier ces Conditions G\u00e9n\u00e9rales d&rsquo;Utilisation (CGU) \u00e0 tout moment. Toute modification sera effective d\u00e8s sa publication sur le site ihu-respirera.fr. Lors de chaque mise \u00e0 jour des CGU, vous serez invit\u00e9 \u00e0 exprimer de nouveau votre consentement en cliquant sur le bouton \u00ab J\u2019accepte les CGU \u00bb. Les modifications apport\u00e9es seront clairement indiqu\u00e9es, notamment par une mise en \u00e9vidence visuelle (par exemple, en gras), afin de faciliter leur identification. \u00c0 d\u00e9faut d&rsquo;acceptation, l&rsquo;acc\u00e8s au site ne sera pas possible.<\/p>\n<p>&nbsp;<\/p>\n<ol start=\"3\">\n<li><strong>Objectifs du Site<\/strong><\/li>\n<\/ol>\n<p style=\"font-weight: 400\">Le site IHU RespirERA a pour vocation de rendre accessibles l\u2019ensemble des actualit\u00e9s, travaux de recherche et avanc\u00e9es de l&rsquo;institut. Il s&rsquo;agit d&rsquo;une plateforme strictement informative, con\u00e7ue pour pr\u00e9senter nos recherches, \u00e9v\u00e9nements et initiatives.<\/p>\n<p style=\"font-weight: 400\">Il est important de pr\u00e9ciser que les informations publi\u00e9es sur ce site ne constituent en aucun cas des conseils ou recommandations m\u00e9dicales. Elles sont uniquement fournies \u00e0 titre informatif et ne doivent pas \u00eatre utilis\u00e9es pour \u00e9tablir un diagnostic, orienter un traitement ou substituer l&rsquo;avis d&rsquo;un professionnel de sant\u00e9.<\/p>\n<p>&nbsp;<\/p>\n<ol start=\"4\">\n<li><strong>Utilisation du Site<\/strong><\/li>\n<\/ol>\n<p style=\"font-weight: 400\">Vous acceptez d\u2019utiliser le site uniquement \u00e0 des fins licites et exclusivement dans le but de vous informer sur les activit\u00e9s de l\u2019IHU RespirERA, conform\u00e9ment aux pr\u00e9sentes Conditions.<\/p>\n<p style=\"font-weight: 400\">Vous ne devez pas :<\/p>\n<ul>\n<li>Utiliser le Site de mani\u00e8re \u00e0 enfreindre toute loi ou r\u00e9glementation applicable.<\/li>\n<li>Publier, transmettre ou distribuer des contenus ill\u00e9gaux, diffamatoires, obsc\u00e8nes, mena\u00e7ants, injurieux, haineux, racistes ou autrement r\u00e9pr\u00e9hensibles.<\/li>\n<li>Interf\u00e9rer avec l\u2019utilisation du Site par d\u2019autres utilisateurs.<\/li>\n<li>Tenter d\u2019acc\u00e9der \u00e0 des parties du Site non autoris\u00e9es ou restreintes.<\/li>\n<\/ul>\n<p>&nbsp;<\/p>\n<ol start=\"5\">\n<li><strong>Droit d\u2019auteur \/ Copyright<\/strong><\/li>\n<\/ol>\n<p style=\"font-weight: 400\">L&rsquo;ensemble de ce site rel\u00e8ve de la l\u00e9gislation fran\u00e7aise et internationale sur le droit d&rsquo;auteur et la propri\u00e9t\u00e9 intellectuelle. Tous les droits de reproduction sont r\u00e9serv\u00e9s, y compris pour les documents t\u00e9l\u00e9chargeables et les repr\u00e9sentations iconographiques et photographiques.<\/p>\n<p style=\"font-weight: 400\">La reproduction de tout ou partie de ce site sur un support quel qu&rsquo;il soit est formellement interdite sauf autorisation expresse du directeur de Publication.<\/p>\n<p style=\"font-weight: 400\">La violation de ces dispositions imp\u00e9ratives soumet le contrevenant, et toutes personnes responsables, aux peines p\u00e9nales et civiles pr\u00e9vues par la loi.<\/p>\n<p style=\"font-weight: 400\">L&rsquo;IHU RespirERA se r\u00e9serve le droit de modifier \u00e0 tout moment les informations pr\u00e9sentes sur le site notamment en les actualisant.<\/p>\n<p>&nbsp;<\/p>\n<ol start=\"6\">\n<li><strong>Propri\u00e9t\u00e9 intellectuelle<\/strong><\/li>\n<\/ol>\n<p style=\"font-weight: 400\">Tous les contenus pr\u00e9sents sur le site ihu-respirera.fr, y compris, sans s&rsquo;y limiter, les textes, images, graphiques, logos, ic\u00f4nes, logiciels et autres mat\u00e9riels (le \u00ab Contenu \u00bb), sont la propri\u00e9t\u00e9 exclusive de l\u2019IHU RespirERA ou de ses conc\u00e9dants de licence et sont prot\u00e9g\u00e9s par les lois relatives \u00e0 la propri\u00e9t\u00e9 intellectuelle (Art L112-2, art L121-1 et suivantes\u00a0: Droits de Propri\u00e9t\u00e9 Intellectuelle ou \u00ab DPI \u00bb), incluant notamment le droit d&rsquo;auteur, les marques, les brevets, les dessins et mod\u00e8les, ainsi que le secret des affaires.<\/p>\n<p style=\"font-weight: 400\">Vous ne pouvez en aucun cas utiliser, reproduire, distribuer, modifier, afficher, ex\u00e9cuter, transmettre, repr\u00e9senter publiquement ou cr\u00e9er des \u0153uvres d\u00e9riv\u00e9es \u00e0 partir du Contenu, ni communiquer au public tout ou partie des DPI, sans notre autorisation \u00e9crite pr\u00e9alable (art L122-4).<\/p>\n<p>&nbsp;<\/p>\n<ol start=\"7\">\n<li><strong>Liens hypertextes<\/strong><\/li>\n<\/ol>\n<p style=\"font-weight: 400\">L\u2019IHU RespirERA d\u00e9cline toute responsabilit\u00e9 quant aux sites internet poss\u00e9dant un lien vers celui de l\u2019IHU RespirERA.<\/p>\n<p style=\"font-weight: 400\">Ce site peut contenir des liens vers d&rsquo;autres sites internet. Ces liens sont ins\u00e9r\u00e9s uniquement dans un souci d&rsquo;accessibilit\u00e9 et n&rsquo;ont pas pour vocation d&rsquo;approuver ou de garantir le contenu de ces sites. L&rsquo;acc\u00e8s \u00e0 ces sites rel\u00e8ve de la seule responsabilit\u00e9 de l&rsquo;utilisateur.<\/p>\n<p>&nbsp;<\/p>\n<ol start=\"8\">\n<li><strong>Limitation de Responsabilit\u00e9<\/strong><\/li>\n<\/ol>\n<p style=\"font-weight: 400\">Nous ne serons pas responsables des dommages directs, indirects, incidentels, cons\u00e9cutifs ou punitifs r\u00e9sultant de l\u2019utilisation ou de l\u2019impossibilit\u00e9 d\u2019utiliser le Site.<\/p>\n<p>&nbsp;<\/p>\n<ol start=\"9\">\n<li><strong>Loi Applicable et R\u00e8glement des Litiges<\/strong><\/li>\n<\/ol>\n<p style=\"font-weight: 400\">Les pr\u00e9sentes Conditions G\u00e9n\u00e9rales d&rsquo;Utilisation (CGU) sont r\u00e9gies et interpr\u00e9t\u00e9es conform\u00e9ment aux lois fran\u00e7aises. En cas de litige d\u00e9coulant de ou en relation avec ces Conditions, une proc\u00e9dure de r\u00e8glement amiable sera privil\u00e9gi\u00e9e avant toute action judiciaire.<\/p>\n<p style=\"font-weight: 400\">Si aucune solution amiable n\u2019est trouv\u00e9e, le litige sera soumis \u00e0 la comp\u00e9tence exclusive des tribunaux de Nice.<\/p>\n<p>&nbsp;<\/p>\n<ol start=\"10\">\n<li><strong>Contact<\/strong><\/li>\n<\/ol>\n<p style=\"font-weight: 400\">Si vous avez des questions ou des pr\u00e9occupations concernant ces Conditions, veuillez nous contacter \u00e0 <a href=\"mailto:contact@ihu-respirera.fr\">contact@ihu-respirera.fr<\/a>.<\/p>\n\t\t\t\t\t\t\t\t<\/div>\n\t\t\t\t<div class=\"elementor-element elementor-element-13cf627 elementor-widget-divider--view-line elementor-widget elementor-widget-divider\" data-id=\"13cf627\" data-element_type=\"widget\" data-e-type=\"widget\" id=\"rgpd\" data-widget_type=\"divider.default\">\n\t\t\t\t\t\t\t<div class=\"elementor-divider\">\n\t\t\t<span class=\"elementor-divider-separator\">\n\t\t\t\t\t\t<\/span>\n\t\t<\/div>\n\t\t\t\t\t\t<\/div>\n\t\t\t\t<div class=\"elementor-element elementor-element-dbf9fd8 elementor-widget elementor-widget-text-editor\" data-id=\"dbf9fd8\" data-element_type=\"widget\" data-e-type=\"widget\" data-widget_type=\"text-editor.default\">\n\t\t\t\t\t\t\t\t\t<h1 style=\"font-weight: 400\"><strong>Politique de confidentialit\u00e9<\/strong><\/h1>\n<ol>\n<li style=\"font-weight: 400\"><strong> D\u00e9finitions<\/strong><\/li>\n<\/ol>\n<p style=\"font-weight: 400\">Dans le cadre du R\u00e8glement G\u00e9n\u00e9ral sur la Protection des Donn\u00e9es (RGPD) :<\/p>\n<ul>\n<li style=\"font-weight: 400\">Donn\u00e9es Personnelles : Toute information se rapportant \u00e0 une personne physique identifi\u00e9e ou identifiable (nom, adresse, email, etc.).<\/li>\n<li style=\"font-weight: 400\">Traitement : Toute op\u00e9ration effectu\u00e9e sur des donn\u00e9es personnelles, qu\u2019elle soit automatis\u00e9e ou non (collecte, conservation, modification, etc.).<\/li>\n<li style=\"font-weight: 400\">Responsable du Traitement : IHU RespirERA, qui d\u00e9termine les finalit\u00e9s et les moyens du traitement de vos donn\u00e9es.<\/li>\n<\/ul>\n<p>&nbsp;<\/p>\n<ol start=\"2\">\n<li style=\"font-weight: 400\"><strong> Finalit\u00e9s du Traitement<\/strong><\/li>\n<\/ol>\n<p style=\"font-weight: 400\">Les donn\u00e9es personnelles que vous nous communiquez sont trait\u00e9es pour les finalit\u00e9s suivantes :<\/p>\n<ul>\n<li style=\"font-weight: 400\">Navigation et Consultation du Site : Assurer le bon fonctionnement de ihu-respirera.fr (via l\u2019utilisation de cookies techniques essentiels).<\/li>\n<li style=\"font-weight: 400\">Gestion des Demandes de Contact : R\u00e9pondre \u00e0 vos demandes d\u2019informations ou de devis.<\/li>\n<li style=\"font-weight: 400\">Gestion des Dons : Traiter vos dons, \u00e9tablir le re\u00e7u fiscal, et respecter les obligations l\u00e9gales et fiscales aff\u00e9rentes.<\/li>\n<\/ul>\n<ol start=\"3\">\n<li style=\"font-weight: 400\"><strong> Base L\u00e9gale du Traitement<\/strong><\/li>\n<\/ol>\n<p style=\"font-weight: 400\">Le traitement de vos donn\u00e9es repose sur :<\/p>\n<ul>\n<li style=\"font-weight: 400\">L\u2019Int\u00e9r\u00eat L\u00e9gitime : Pour garantir la s\u00e9curit\u00e9 et le bon fonctionnement du site.<\/li>\n<li style=\"font-weight: 400\">L\u2019Ex\u00e9cution d\u2019un Contrat : Lorsqu\u2019une relation contractuelle na\u00eet (ex. : gestion d\u2019un don ou d\u2019une demande d\u2019information).<\/li>\n<li style=\"font-weight: 400\">L\u2019Obligation L\u00e9gale : Pour satisfaire aux exigences fiscales et aux obligations l\u00e9gales en vigueur (ex. : \u00e9mission d\u2019un re\u00e7u fiscal).<\/li>\n<\/ul>\n<p>&nbsp;<\/p>\n<ol start=\"4\">\n<li style=\"font-weight: 400\"><strong> Types de Traitements<\/strong><\/li>\n<\/ol>\n<p style=\"font-weight: 400\">Les op\u00e9rations r\u00e9alis\u00e9es sur vos donn\u00e9es personnelles incluent :<\/p>\n<ul>\n<li style=\"font-weight: 400\">La Collecte : Recueil des informations que vous fournissez (nom, coordonn\u00e9es, informations de paiement pour les dons, etc.).<\/li>\n<li style=\"font-weight: 400\">La Conservation : Stockage de vos donn\u00e9es sur des serveurs s\u00e9curis\u00e9s pendant la dur\u00e9e n\u00e9cessaire \u00e0 l\u2019accomplissement des finalit\u00e9s ou conform\u00e9ment aux obligations l\u00e9gales.<\/li>\n<li style=\"font-weight: 400\">L\u2019Int\u00e9gration dans des Fichiers : Constitution de fichiers sp\u00e9cifiques (par exemple, fichier des donateurs) pour la gestion de vos contributions.<\/li>\n<\/ul>\n<p>&nbsp;<\/p>\n<ol start=\"5\">\n<li style=\"font-weight: 400\"><strong> Dur\u00e9e de Conservation<\/strong><\/li>\n<\/ol>\n<p style=\"font-weight: 400\">Les dur\u00e9es de conservation varient selon la finalit\u00e9 du traitement :<\/p>\n<ul>\n<li style=\"font-weight: 400\">Donn\u00e9es de Navigation : Conserv\u00e9es temporairement (durant votre session ou sur une p\u00e9riode limit\u00e9e pour assurer la s\u00e9curit\u00e9 et la performance du site).<\/li>\n<li style=\"font-weight: 400\">Donn\u00e9es li\u00e9es aux Dons : Conserv\u00e9es pendant toute la dur\u00e9e n\u00e9cessaire \u00e0 la gestion du don, \u00e0 l\u2019\u00e9mission du re\u00e7u fiscal et conform\u00e9ment aux obligations l\u00e9gales applicables.<\/li>\n<\/ul>\n<p>&nbsp;<\/p>\n<ol start=\"6\">\n<li style=\"font-weight: 400\"><strong> Types de Donn\u00e9es Personnelles Collect\u00e9es<\/strong><\/li>\n<\/ol>\n<p style=\"font-weight: 400\">Selon votre interaction avec notre site, nous collectons :<\/p>\n<ul>\n<li style=\"font-weight: 400\">Pour la Consultation du Site : Des donn\u00e9es techniques (adresse IP, type de navigateur, etc.) via des cookies techniques uniquement, qui ne permettent pas de ciblage ou de profilage.<\/li>\n<li style=\"font-weight: 400\">Pour les Demandes de Contact : Les informations que vous nous transmettez volontairement (nom, adresse mail, t\u00e9l\u00e9phone, etc.).<\/li>\n<li style=\"font-weight: 400\">Pour les Dons : Les informations strictement n\u00e9cessaires au traitement de votre don (nom, adresse, coordonn\u00e9es de paiement, montant, etc.).<\/li>\n<\/ul>\n<p>&nbsp;<\/p>\n<ol start=\"7\">\n<li style=\"font-weight: 400\"><strong> Stockage des Donn\u00e9es<\/strong><\/li>\n<\/ol>\n<p style=\"font-weight: 400\">Vos donn\u00e9es personnelles sont stock\u00e9es sur des serveurs situ\u00e9s dans l\u2019Union Europ\u00e9enne, garantissant ainsi un niveau de s\u00e9curit\u00e9 conforme aux exigences du RGPD. Ces serveurs peuvent \u00eatre exploit\u00e9s par IHU RespirERA ou par des prestataires tiers soumis \u00e0 des obligations strictes de confidentialit\u00e9.<\/p>\n<p>&nbsp;<\/p>\n<ol start=\"8\">\n<li style=\"font-weight: 400\"><strong> Acc\u00e8s aux Donn\u00e9es<\/strong><\/li>\n<\/ol>\n<p style=\"font-weight: 400\">L\u2019acc\u00e8s \u00e0 vos donn\u00e9es est limit\u00e9 \u00e0 :<\/p>\n<ul>\n<li style=\"font-weight: 400\">Nos \u00c9quipes Internes : Uniquement aux personnes autoris\u00e9es en charge de la gestion et du traitement des donn\u00e9es.<\/li>\n<li style=\"font-weight: 400\">Nos Sous-Traitants : Des prestataires techniques ou de services (par exemple, services de paiement) qui respectent des engagements de confidentialit\u00e9 et de s\u00e9curit\u00e9 stricts.<\/li>\n<\/ul>\n<p>&nbsp;<\/p>\n<ol start=\"10\">\n<li style=\"font-weight: 400\"><strong> Vos Droits<\/strong><\/li>\n<\/ol>\n<p style=\"font-weight: 400\">Conform\u00e9ment au RGPD, vous disposez des droits suivants :<\/p>\n<ul>\n<li style=\"font-weight: 400\">Droit d\u2019Acc\u00e8s : Obtenir la confirmation que vos donn\u00e9es sont trait\u00e9es et y acc\u00e9der.<\/li>\n<li style=\"font-weight: 400\">Droit de Rectification : Faire corriger les donn\u00e9es inexactes ou incompl\u00e8tes.<\/li>\n<li style=\"font-weight: 400\">Droit \u00e0 l\u2019Effacement : Demander la suppression de vos donn\u00e9es lorsque leur conservation n\u2019est plus n\u00e9cessaire.<\/li>\n<li style=\"font-weight: 400\">Droit \u00e0 la Limitation du Traitement : Demander que nous restreignions l\u2019utilisation de vos donn\u00e9es.<\/li>\n<li style=\"font-weight: 400\">Droit \u00e0 la Portabilit\u00e9 : Recevoir vos donn\u00e9es dans un format structur\u00e9 et r\u00e9utilisable.<\/li>\n<li style=\"font-weight: 400\">Droit d\u2019Opposition : Vous opposer \u00e0 certains traitements de vos donn\u00e9es en fonction de votre situation personnelle.<\/li>\n<\/ul>\n<p style=\"font-weight: 400\">Pour exercer ces droits, vous pouvez nous contacter \u00e0 l\u2019adresse suivante : <a href=\"mailto:contact@ihu-respirera.fr\">contact@ihu-respirera.fr<\/a>.<\/p>\n<p>&nbsp;<\/p>\n<ol start=\"11\">\n<li style=\"font-weight: 400\"><strong> Modification<\/strong><\/li>\n<\/ol>\n<p style=\"font-weight: 400\">La pr\u00e9sente politique de confidentialit\u00e9 peut \u00eatre amen\u00e9e \u00e0 \u00e9voluer afin de refl\u00e9ter les changements r\u00e9glementaires, jurisprudentiels, \u00e9ditoriaux ou techniques.<\/p>\n<p style=\"font-weight: 400\">En cas de mise \u00e0 jour, nous modifierons la date de \u00ab derni\u00e8re mise \u00e0 jour \u00bb et pr\u00e9ciserons la date des modifications effectu\u00e9es.<\/p>\n<p style=\"font-weight: 400\">Si n\u00e9cessaire, nous vous en informerons directement et\/ou solliciterons votre consentement.<\/p>\n<p style=\"font-weight: 400\">Nous vous recommandons de consulter r\u00e9guli\u00e8rement cette page pour rester inform\u00e9 des \u00e9ventuels changements ou mises \u00e0 jour apport\u00e9s \u00e0 notre politique de confidentialit\u00e9.<\/p>\n<p>&nbsp;<\/p>\n<ol start=\"12\">\n<li style=\"font-weight: 400\"><strong> Contact<\/strong><\/li>\n<\/ol>\n<p style=\"font-weight: 400\">Pour toute question relative \u00e0 la protection de vos donn\u00e9es ou pour exercer vos droits, vous pouvez nous joindre \u00e0 l\u2019adresse suivante : <a href=\"mailto:contact@ihu-respirera.fr\">contact@ihu-respirera.fr<\/a>.<\/p>\n<p>&nbsp;<\/p>\n<h1><strong>Politique d\u2019utilisation des cookies<\/strong><\/h1>\n<p style=\"font-weight: 400\"><strong>\u00a0<\/strong><\/p>\n<ol>\n<li style=\"font-weight: 400\"><strong> Introduction<\/strong><\/li>\n<\/ol>\n<p style=\"font-weight: 400\">Cette politique de cookies vous informe sur l\u2019utilisation, par IHU RespirERA, des cookies sur le site ihu-respirera.fr.<\/p>\n<p>&nbsp;<\/p>\n<ol start=\"2\">\n<li style=\"font-weight: 400\"><strong> Qu&rsquo;est-ce qu&rsquo;un cookie ?<\/strong><\/li>\n<\/ol>\n<p style=\"font-weight: 400\">Un cookie est un petit fichier envoy\u00e9 par un site web et stock\u00e9 sur votre ordinateur via votre navigateur. Il permet d\u2019am\u00e9liorer votre exp\u00e9rience de navigation.<\/p>\n<p>&nbsp;<\/p>\n<ol start=\"3\">\n<li style=\"font-weight: 400\"><strong> Les Cookies Utilis\u00e9s par l\u2019IHU RespirERA<\/strong><br \/>\nSur ihu-respirera.fr, nous n\u2019utilisons que des cookies dits techniques ou essentiels. Ces cookies sont indispensables pour :<\/li>\n<\/ol>\n<ul>\n<li>Assurer la navigation fluide du site<\/li>\n<li>M\u00e9moriser vos pr\u00e9f\u00e9rences (par exemple, la langue ou le pays)<\/li>\n<li>Garantir l\u2019authentification dans les zones s\u00e9curis\u00e9es<\/li>\n<\/ul>\n<p>&nbsp;<\/p>\n<ol start=\"4\">\n<li style=\"font-weight: 400\"><strong> Finalit\u00e9 des Cookies<\/strong><\/li>\n<\/ol>\n<p style=\"font-weight: 400\">Les cookies mis en place servent uniquement au fonctionnement technique du site et \u00e0 l\u2019am\u00e9lioration de votre exp\u00e9rience utilisateur. Ils ne sont en aucun cas utilis\u00e9s pour le ciblage ou le profilage publicitaire.<\/p>\n<p>&nbsp;<\/p>\n<ol start=\"5\">\n<li style=\"font-weight: 400\"><strong> Consentement<\/strong><\/li>\n<\/ol>\n<p style=\"font-weight: 400\">\u00c9tant donn\u00e9 que seuls des cookies techniques et essentiels sont utilis\u00e9s, aucun consentement pr\u00e9alable n\u2019est requis conform\u00e9ment \u00e0 la r\u00e9glementation en vigueur (RGPD).<\/p>\n<p>&nbsp;<\/p>\n<ol start=\"6\">\n<li style=\"font-weight: 400\"><strong> Informations Compl\u00e9mentaires<\/strong><\/li>\n<\/ol>\n<p style=\"font-weight: 400\">Pour en savoir plus sur le fonctionnement des cookies et leurs implications, vous pouvez consulter le site de la CNIL : <a href=\"https:\/\/www.cnil.fr\/fr\/cookies-et-autres-traceurs\" target=\"_blank\" rel=\"noopener\">https:\/\/www.cnil.fr\/fr\/cookies-et-autres-traceurs<\/a>.<\/p>\n\t\t\t\t\t\t\t\t<\/div>\n\t\t\t\t\t<\/div>\n\t\t<\/div>\n\t\t\t\t\t<\/div>\n\t\t<\/section>\n\t\t\t\t<\/div>\n\t\t","protected":false},"excerpt":{"rendered":"","protected":false},"author":1,"featured_media":0,"parent":0,"menu_order":0,"comment_status":"closed","ping_status":"closed","template":"elementor_header_footer","meta":{"footnotes":""},"folder":[17],"class_list":["post-3","page","type-page","status-publish","hentry"],"_links":{"self":[{"href":"https:\/\/preprod.ihu-respirera.fr\/fr\/wp-json\/wp\/v2\/pages\/3","targetHints":{"allow":["GET"]}}],"collection":[{"href":"https:\/\/preprod.ihu-respirera.fr\/fr\/wp-json\/wp\/v2\/pages"}],"about":[{"href":"https:\/\/preprod.ihu-respirera.fr\/fr\/wp-json\/wp\/v2\/types\/page"}],"author":[{"embeddable":true,"href":"https:\/\/preprod.ihu-respirera.fr\/fr\/wp-json\/wp\/v2\/users\/1"}],"replies":[{"embeddable":true,"href":"https:\/\/preprod.ihu-respirera.fr\/fr\/wp-json\/wp\/v2\/comments?post=3"}],"version-history":[{"count":0,"href":"https:\/\/preprod.ihu-respirera.fr\/fr\/wp-json\/wp\/v2\/pages\/3\/revisions"}],"wp:attachment":[{"href":"https:\/\/preprod.ihu-respirera.fr\/fr\/wp-json\/wp\/v2\/media?parent=3"}],"wp:term":[{"taxonomy":"folder","embeddable":true,"href":"https:\/\/preprod.ihu-respirera.fr\/fr\/wp-json\/wp\/v2\/folder?post=3"}],"curies":[{"name":"wp","href":"https:\/\/api.w.org\/{rel}","templated":true}]}}