{"id":1460,"date":"2024-11-20T15:40:08","date_gmt":"2024-11-20T14:40:08","guid":{"rendered":"https:\/\/ihu-respirera.fr\/?page_id=1460"},"modified":"2025-11-06T15:25:33","modified_gmt":"2025-11-06T14:25:33","slug":"faire-un-don","status":"publish","type":"page","link":"https:\/\/preprod.ihu-respirera.fr\/fr\/faire-un-don\/","title":{"rendered":"Faire un don"},"content":{"rendered":"\t\t<div data-elementor-type=\"wp-page\" data-elementor-id=\"1460\" class=\"elementor elementor-1460\" data-elementor-post-type=\"page\">\n\t\t\t\t\t\t<section class=\"elementor-section elementor-top-section elementor-element elementor-element-95a5f77 elementor-section-full_width elementor-section-height-min-height elementor-section-items-stretch elementor-section-content-middle elementor-section-height-default\" data-id=\"95a5f77\" data-element_type=\"section\" data-e-type=\"section\">\n\t\t\t\t\t\t<div class=\"elementor-container elementor-column-gap-no\">\n\t\t\t\t\t<div class=\"elementor-column elementor-col-100 elementor-top-column elementor-element elementor-element-a391f2f\" data-id=\"a391f2f\" data-element_type=\"column\" data-e-type=\"column\">\n\t\t\t<div class=\"elementor-widget-wrap elementor-element-populated\">\n\t\t\t\t\t\t<div class=\"elementor-element elementor-element-a26ac52 elementor-widget elementor-widget-template\" data-id=\"a26ac52\" data-element_type=\"widget\" data-e-type=\"widget\" data-widget_type=\"template.default\">\n\t\t\t\t<div class=\"elementor-widget-container\">\n\t\t\t\t\t\t\t<div class=\"elementor-template\">\n\t\t\t\t\t<div data-elementor-type=\"section\" data-elementor-id=\"2101\" class=\"elementor elementor-2101\" data-elementor-post-type=\"elementor_library\">\n\t\t\t\t\t<section class=\"elementor-section elementor-top-section elementor-element elementor-element-4ba49b42 elementor-section-height-min-height elementor-section-items-stretch elementor-section-content-middle elementor-section-boxed elementor-section-height-default elementor-invisible\" data-id=\"4ba49b42\" data-element_type=\"section\" data-e-type=\"section\" data-settings=\"{&quot;background_background&quot;:&quot;classic&quot;,&quot;animation&quot;:&quot;fadeIn&quot;}\">\n\t\t\t\t\t\t\t<div class=\"elementor-background-overlay\"><\/div>\n\t\t\t\t\t\t\t<div class=\"elementor-container elementor-column-gap-wider\">\n\t\t\t\t\t<div class=\"elementor-column elementor-col-100 elementor-top-column elementor-element elementor-element-7721d6d2\" data-id=\"7721d6d2\" data-element_type=\"column\" data-e-type=\"column\">\n\t\t\t<div class=\"elementor-widget-wrap elementor-element-populated\">\n\t\t\t\t\t\t<div class=\"elementor-element elementor-element-3bd8ad1 elementor-fixed animated-slow elementor-invisible elementor-widget elementor-widget-progress-tracker\" data-id=\"3bd8ad1\" data-element_type=\"widget\" data-e-type=\"widget\" data-settings=\"{&quot;_position&quot;:&quot;fixed&quot;,&quot;_animation&quot;:&quot;fadeInDown&quot;,&quot;type&quot;:&quot;horizontal&quot;,&quot;relative_to&quot;:&quot;entire_page&quot;}\" data-widget_type=\"progress-tracker.default\">\n\t\t\t\t\t\n\t\t<div class=\"elementor-scrolling-tracker elementor-scrolling-tracker-horizontal elementor-scrolling-tracker-alignment-\">\n\t\t\t\t\t\t<div class=\"current-progress\">\n\t\t\t\t\t<div class=\"current-progress-percentage\"><\/div>\n\t\t\t\t<\/div>\n\t\t\t\t<\/div>\n\t\t\t\t\t\t<\/div>\n\t\t\t\t<div class=\"elementor-element elementor-element-5e64320a elementor-widget__width-auto elementor-invisible elementor-widget elementor-widget-heading\" data-id=\"5e64320a\" data-element_type=\"widget\" data-e-type=\"widget\" data-settings=\"{&quot;_animation&quot;:&quot;fadeInUp&quot;}\" data-widget_type=\"heading.default\">\n\t\t\t\t\t<h1 class=\"elementor-heading-title elementor-size-default\">Faire un don<\/h1>\t\t\t\t<\/div>\n\t\t\t\t<div class=\"elementor-element elementor-element-270a78b3 elementor-invisible elementor-widget elementor-widget-text-editor\" data-id=\"270a78b3\" data-element_type=\"widget\" data-e-type=\"widget\" data-settings=\"{&quot;_animation&quot;:&quot;fadeInUp&quot;}\" data-widget_type=\"text-editor.default\">\n\t\t\t\t\t\t\t\t\tEnsemble, transformons la recherche en espoir : chaque don est une \u00e9tape vers des traitements innovants et une meilleure sant\u00e9 respiratoire pour tous\u00a0!\t\t\t\t\t\t\t\t<\/div>\n\t\t\t\t\t<\/div>\n\t\t<\/div>\n\t\t\t\t\t<\/div>\n\t\t<\/section>\n\t\t\t\t<\/div>\n\t\t\t\t<\/div>\n\t\t\t\t\t\t<\/div>\n\t\t\t\t<\/div>\n\t\t\t\t\t<\/div>\n\t\t<\/div>\n\t\t\t\t\t<\/div>\n\t\t<\/section>\n\t\t\t\t<section class=\"elementor-section elementor-top-section elementor-element elementor-element-c592cd9 elementor-section-boxed elementor-section-height-default elementor-section-height-default\" data-id=\"c592cd9\" data-element_type=\"section\" data-e-type=\"section\">\n\t\t\t\t\t\t<div class=\"elementor-container elementor-column-gap-wider\">\n\t\t\t\t\t<div class=\"elementor-column elementor-col-100 elementor-top-column elementor-element elementor-element-ff156df\" data-id=\"ff156df\" data-element_type=\"column\" data-e-type=\"column\">\n\t\t\t<div class=\"elementor-widget-wrap elementor-element-populated\">\n\t\t\t\t\t\t<div class=\"elementor-element elementor-element-d7c6515 elementor-invisible elementor-widget elementor-widget-text-editor\" data-id=\"d7c6515\" data-element_type=\"widget\" data-e-type=\"widget\" data-settings=\"{&quot;_animation&quot;:&quot;fadeInUp&quot;}\" data-widget_type=\"text-editor.default\">\n\t\t\t\t\t\t\t\t\t<p>Les maladies respiratoires repr\u00e9sentent la troisi\u00e8me cause de mortalit\u00e9 en France, touchant des millions de personnes chaque ann\u00e9e. En soutenant l&rsquo;IHU RespirERA, institut sp\u00e9cialis\u00e9 dans la sant\u00e9 respiratoire, vous contribuez directement \u00e0 la recherche, \u00e0 la pr\u00e9vention et \u00e0 l&rsquo;am\u00e9lioration des soins pour ces pathologies.<\/p><p><strong>Votre g\u00e9n\u00e9rosit\u00e9 permet de financer des projets innovants, d&rsquo;informer le public et de soutenir les patients les plus vuln\u00e9rables, offrant ainsi un souffle nouveau \u00e0 ceux qui en ont le plus besoin.<\/strong><\/p>\t\t\t\t\t\t\t\t<\/div>\n\t\t\t\t<div class=\"elementor-element elementor-element-1e19cb5 elementor-invisible elementor-widget elementor-widget-heading\" data-id=\"1e19cb5\" data-element_type=\"widget\" data-e-type=\"widget\" data-settings=\"{&quot;_animation&quot;:&quot;fadeInUp&quot;,&quot;_animation_delay&quot;:300}\" data-widget_type=\"heading.default\">\n\t\t\t\t\t<div class=\"elementor-heading-title elementor-size-default\">Formulaire de donation<\/div>\t\t\t\t<\/div>\n\t\t\t\t<div class=\"elementor-element elementor-element-734aa94 elementor-invisible elementor-widget elementor-widget-text-editor\" data-id=\"734aa94\" data-element_type=\"widget\" data-e-type=\"widget\" data-settings=\"{&quot;_animation&quot;:&quot;fadeInUp&quot;}\" data-widget_type=\"text-editor.default\">\n\t\t\t\t\t\t\t\t\tNotre plateforme de don est en cours de d\u00e9veloppement et sera accessible prochainement.\n\nPour tout renseignement, n\u2019h\u00e9sitez pas \u00e0 nous \u00e9crire \u00e0 l\u2019adresse suivante : <a href=\"mailto:communication@ihu-respirera.fr\">communication@ihu-respirera.fr<\/a>\t\t\t\t\t\t\t\t<\/div>\n\t\t\t\t\t<\/div>\n\t\t<\/div>\n\t\t\t\t\t<\/div>\n\t\t<\/section>\n\t\t\t\t<section class=\"elementor-section elementor-top-section elementor-element elementor-element-92716d5 elementor-section-boxed elementor-section-height-default elementor-section-height-default\" data-id=\"92716d5\" data-element_type=\"section\" data-e-type=\"section\" id=\"impots\" data-settings=\"{&quot;background_background&quot;:&quot;classic&quot;}\">\n\t\t\t\t\t\t<div class=\"elementor-container elementor-column-gap-wider\">\n\t\t\t\t\t<div class=\"elementor-column elementor-col-100 elementor-top-column elementor-element elementor-element-3c63f4f\" data-id=\"3c63f4f\" data-element_type=\"column\" data-e-type=\"column\">\n\t\t\t<div class=\"elementor-widget-wrap elementor-element-populated\">\n\t\t\t\t\t\t<div class=\"elementor-element elementor-element-63f5599 elementor-invisible elementor-widget elementor-widget-heading\" data-id=\"63f5599\" data-element_type=\"widget\" data-e-type=\"widget\" data-settings=\"{&quot;_animation&quot;:&quot;fadeInUp&quot;,&quot;_animation_delay&quot;:300}\" data-widget_type=\"heading.default\">\n\t\t\t\t\t<h2 class=\"elementor-heading-title elementor-size-default\">Quels avantages fiscaux pour votre don ?<\/h2>\t\t\t\t<\/div>\n\t\t\t\t<div class=\"elementor-element elementor-element-9fad6d8 elementor-invisible elementor-widget elementor-widget-text-editor\" data-id=\"9fad6d8\" data-element_type=\"widget\" data-e-type=\"widget\" data-settings=\"{&quot;_animation&quot;:&quot;fadeInUp&quot;}\" data-widget_type=\"text-editor.default\">\n\t\t\t\t\t\t\t\t\t<p>En r\u00e9alisant un don au profit de l\u2019IHU RespirERA, par l\u2019interm\u00e9diaire de notre fonds de dotation, vous pouvez b\u00e9n\u00e9ficier de <b>r\u00e9ductions d\u2019imp\u00f4ts<\/b> pr\u00e9vues par la loi fran\u00e7aise\u00a0:<\/p><p><b>Pour les particuliers\u00a0:<br \/><\/b>Votre don vous permet de b\u00e9n\u00e9ficier d&rsquo;une r\u00e9duction d\u2019imp\u00f4t sur le revenu \u00e9gale \u00e0 66 % du montant donn\u00e9, dans la limite de 20 % de votre revenu imposable. Par exemple, un don de 100 \u20ac ne vous co\u00fbtera r\u00e9ellement que 34 \u20ac apr\u00e8s d\u00e9duction fiscale. Si ce plafond est d\u00e9pass\u00e9, l\u2019exc\u00e9dent peut \u00eatre report\u00e9 sur les cinq ann\u00e9es suivantes.<\/p><p><b>Pour les entreprises\u00a0:<br \/><\/b>En tant qu\u2019entreprise m\u00e9c\u00e8ne, vous pouvez d\u00e9duire 60 % du montant du don de votre imp\u00f4t sur les soci\u00e9t\u00e9s, dans la limite de 0,5 % de votre chiffre d\u2019affaires hors taxes. En cas de d\u00e9passement de ce plafond, l\u2019exc\u00e9dent est \u00e9galement reportable sur cinq exercices fiscaux.<\/p><p>Nous vous fournirons un <b>re\u00e7u fiscal<\/b> \u00e0 l\u2019issue de votre don, vous permettant de justifier de cet avantage aupr\u00e8s de l\u2019administration fiscale.<\/p><p>En soutenant l\u2019IHU RespirERA, vous alliez solidarit\u00e9 et optimisation fiscale, tout en contribuant \u00e0 faire avancer la recherche et les soins pour les maladies respiratoires.<\/p>\t\t\t\t\t\t\t\t<\/div>\n\t\t\t\t\t<\/div>\n\t\t<\/div>\n\t\t\t\t\t<\/div>\n\t\t<\/section>\n\t\t\t\t<section class=\"elementor-section elementor-top-section elementor-element elementor-element-5c80618 elementor-section-boxed elementor-section-height-default elementor-section-height-default\" data-id=\"5c80618\" data-element_type=\"section\" data-e-type=\"section\">\n\t\t\t\t\t\t<div class=\"elementor-container elementor-column-gap-wider\">\n\t\t\t\t\t<div class=\"elementor-column elementor-col-50 elementor-top-column elementor-element elementor-element-9885043\" data-id=\"9885043\" data-element_type=\"column\" data-e-type=\"column\">\n\t\t\t<div class=\"elementor-widget-wrap elementor-element-populated\">\n\t\t\t\t\t\t<div class=\"elementor-element elementor-element-11ffb6e elementor-invisible elementor-widget elementor-widget-heading\" data-id=\"11ffb6e\" data-element_type=\"widget\" data-e-type=\"widget\" data-settings=\"{&quot;_animation&quot;:&quot;fadeInUp&quot;,&quot;_animation_delay&quot;:300}\" data-widget_type=\"heading.default\">\n\t\t\t\t\t<h2 class=\"elementor-heading-title elementor-size-default\">Nous soutenir en toute confiance<\/h2>\t\t\t\t<\/div>\n\t\t\t\t<div class=\"elementor-element elementor-element-3c6a216 elementor-invisible elementor-widget elementor-widget-text-editor\" data-id=\"3c6a216\" data-element_type=\"widget\" data-e-type=\"widget\" data-settings=\"{&quot;_animation&quot;:&quot;fadeInUp&quot;}\" data-widget_type=\"text-editor.default\">\n\t\t\t\t\t\t\t\t\t<p>Faire un don en ligne est <strong>simple, s\u00e9curis\u00e9 et confidentiel<\/strong>. Notre plateforme prot\u00e8ge vos donn\u00e9es, garantissant ainsi la confidentialit\u00e9 et la s\u00e9curit\u00e9 de vos informations.<\/p><p>Vous pouvez <strong>contribuer en toute confiance<\/strong> et, si vous le d\u00e9sirez, choisir de rester anonyme en cochant l\u2019option pr\u00e9vue \u00e0 cet effet lors du processus de donation.<\/p>\t\t\t\t\t\t\t\t<\/div>\n\t\t\t\t\t<\/div>\n\t\t<\/div>\n\t\t\t\t<div class=\"elementor-column elementor-col-50 elementor-top-column elementor-element elementor-element-c5ba70b\" data-id=\"c5ba70b\" data-element_type=\"column\" data-e-type=\"column\">\n\t\t\t<div class=\"elementor-widget-wrap elementor-element-populated\">\n\t\t\t\t\t\t<div class=\"elementor-element elementor-element-26be6ea elementor-invisible elementor-widget elementor-widget-heading\" data-id=\"26be6ea\" data-element_type=\"widget\" data-e-type=\"widget\" data-settings=\"{&quot;_animation&quot;:&quot;fadeInUp&quot;,&quot;_animation_delay&quot;:300}\" data-widget_type=\"heading.default\">\n\t\t\t\t\t<h2 class=\"elementor-heading-title elementor-size-default\">Respect de votre vie priv\u00e9e<\/h2>\t\t\t\t<\/div>\n\t\t\t\t<div class=\"elementor-element elementor-element-2abac38 elementor-invisible elementor-widget elementor-widget-text-editor\" data-id=\"2abac38\" data-element_type=\"widget\" data-e-type=\"widget\" data-settings=\"{&quot;_animation&quot;:&quot;fadeInUp&quot;}\" data-widget_type=\"text-editor.default\">\n\t\t\t\t\t\t\t\t\t<p>Nous accordons une importance primordiale \u00e0 la <b>protection de vos donn\u00e9es personnelles<\/b>. Toutes les informations que vous partagez avec nous sont trait\u00e9es avec la plus grande confidentialit\u00e9 et dans le respect des lois en vigueur sur la protection des donn\u00e9es.<\/p>\t\t\t\t\t\t\t\t<\/div>\n\t\t\t\t\t<\/div>\n\t\t<\/div>\n\t\t\t\t\t<\/div>\n\t\t<\/section>\n\t\t\t\t<\/div>\n\t\t","protected":false},"excerpt":{"rendered":"<p>Ensemble, transformons la recherche en espoir : chaque don est une \u00e9tape vers des traitements innovants et une meilleure sant\u00e9 respiratoire pour tous\u00a0!<\/p>\n","protected":false},"author":2,"featured_media":1882,"parent":0,"menu_order":0,"comment_status":"closed","ping_status":"closed","template":"","meta":{"footnotes":""},"folder":[15],"class_list":["post-1460","page","type-page","status-publish","has-post-thumbnail","hentry"],"_links":{"self":[{"href":"https:\/\/preprod.ihu-respirera.fr\/fr\/wp-json\/wp\/v2\/pages\/1460","targetHints":{"allow":["GET"]}}],"collection":[{"href":"https:\/\/preprod.ihu-respirera.fr\/fr\/wp-json\/wp\/v2\/pages"}],"about":[{"href":"https:\/\/preprod.ihu-respirera.fr\/fr\/wp-json\/wp\/v2\/types\/page"}],"author":[{"embeddable":true,"href":"https:\/\/preprod.ihu-respirera.fr\/fr\/wp-json\/wp\/v2\/users\/2"}],"replies":[{"embeddable":true,"href":"https:\/\/preprod.ihu-respirera.fr\/fr\/wp-json\/wp\/v2\/comments?post=1460"}],"version-history":[{"count":0,"href":"https:\/\/preprod.ihu-respirera.fr\/fr\/wp-json\/wp\/v2\/pages\/1460\/revisions"}],"wp:featuredmedia":[{"embeddable":true,"href":"https:\/\/preprod.ihu-respirera.fr\/fr\/wp-json\/wp\/v2\/media\/1882"}],"wp:attachment":[{"href":"https:\/\/preprod.ihu-respirera.fr\/fr\/wp-json\/wp\/v2\/media?parent=1460"}],"wp:term":[{"taxonomy":"folder","embeddable":true,"href":"https:\/\/preprod.ihu-respirera.fr\/fr\/wp-json\/wp\/v2\/folder?post=1460"}],"curies":[{"name":"wp","href":"https:\/\/api.w.org\/{rel}","templated":true}]}}