{"id":1160,"date":"2024-11-06T13:50:02","date_gmt":"2024-11-06T12:50:02","guid":{"rendered":"https:\/\/ihu-respirera.fr\/?page_id=1160"},"modified":"2026-01-14T11:32:45","modified_gmt":"2026-01-14T10:32:45","slug":"soutenir","status":"publish","type":"page","link":"https:\/\/preprod.ihu-respirera.fr\/fr\/soutenir\/","title":{"rendered":"Soutenir"},"content":{"rendered":"\t\t<div data-elementor-type=\"wp-page\" data-elementor-id=\"1160\" class=\"elementor elementor-1160\" data-elementor-post-type=\"page\">\n\t\t\t\t\t\t<section class=\"elementor-section elementor-top-section elementor-element elementor-element-25108d4 elementor-section-full_width elementor-section-height-min-height elementor-section-items-stretch elementor-section-content-middle elementor-section-height-default\" data-id=\"25108d4\" data-element_type=\"section\" data-e-type=\"section\">\n\t\t\t\t\t\t<div class=\"elementor-container elementor-column-gap-no\">\n\t\t\t\t\t<div class=\"elementor-column elementor-col-100 elementor-top-column elementor-element elementor-element-28cca94\" data-id=\"28cca94\" data-element_type=\"column\" data-e-type=\"column\">\n\t\t\t<div class=\"elementor-widget-wrap elementor-element-populated\">\n\t\t\t\t\t\t<div class=\"elementor-element elementor-element-0eecf40 elementor-widget elementor-widget-template\" data-id=\"0eecf40\" data-element_type=\"widget\" data-e-type=\"widget\" data-widget_type=\"template.default\">\n\t\t\t\t<div class=\"elementor-widget-container\">\n\t\t\t\t\t\t\t<div class=\"elementor-template\">\n\t\t\t\t\t<div data-elementor-type=\"section\" data-elementor-id=\"2101\" class=\"elementor elementor-2101\" data-elementor-post-type=\"elementor_library\">\n\t\t\t\t\t<section class=\"elementor-section elementor-top-section elementor-element elementor-element-4ba49b42 elementor-section-height-min-height elementor-section-items-stretch elementor-section-content-middle elementor-section-boxed elementor-section-height-default elementor-invisible\" data-id=\"4ba49b42\" data-element_type=\"section\" data-e-type=\"section\" data-settings=\"{&quot;background_background&quot;:&quot;classic&quot;,&quot;animation&quot;:&quot;fadeIn&quot;}\">\n\t\t\t\t\t\t\t<div class=\"elementor-background-overlay\"><\/div>\n\t\t\t\t\t\t\t<div class=\"elementor-container elementor-column-gap-wider\">\n\t\t\t\t\t<div class=\"elementor-column elementor-col-100 elementor-top-column elementor-element elementor-element-7721d6d2\" data-id=\"7721d6d2\" data-element_type=\"column\" data-e-type=\"column\">\n\t\t\t<div class=\"elementor-widget-wrap elementor-element-populated\">\n\t\t\t\t\t\t<div class=\"elementor-element elementor-element-3bd8ad1 elementor-fixed animated-slow elementor-invisible elementor-widget elementor-widget-progress-tracker\" data-id=\"3bd8ad1\" data-element_type=\"widget\" data-e-type=\"widget\" data-settings=\"{&quot;_position&quot;:&quot;fixed&quot;,&quot;_animation&quot;:&quot;fadeInDown&quot;,&quot;type&quot;:&quot;horizontal&quot;,&quot;relative_to&quot;:&quot;entire_page&quot;}\" data-widget_type=\"progress-tracker.default\">\n\t\t\t\t\t\n\t\t<div class=\"elementor-scrolling-tracker elementor-scrolling-tracker-horizontal elementor-scrolling-tracker-alignment-\">\n\t\t\t\t\t\t<div class=\"current-progress\">\n\t\t\t\t\t<div class=\"current-progress-percentage\"><\/div>\n\t\t\t\t<\/div>\n\t\t\t\t<\/div>\n\t\t\t\t\t\t<\/div>\n\t\t\t\t<div class=\"elementor-element elementor-element-5e64320a elementor-widget__width-auto elementor-invisible elementor-widget elementor-widget-heading\" data-id=\"5e64320a\" data-element_type=\"widget\" data-e-type=\"widget\" data-settings=\"{&quot;_animation&quot;:&quot;fadeInUp&quot;}\" data-widget_type=\"heading.default\">\n\t\t\t\t\t<h1 class=\"elementor-heading-title elementor-size-default\">Soutenir<\/h1>\t\t\t\t<\/div>\n\t\t\t\t<div class=\"elementor-element elementor-element-270a78b3 elementor-invisible elementor-widget elementor-widget-text-editor\" data-id=\"270a78b3\" data-element_type=\"widget\" data-e-type=\"widget\" data-settings=\"{&quot;_animation&quot;:&quot;fadeInUp&quot;}\" data-widget_type=\"text-editor.default\">\n\t\t\t\t\t\t\t\t\tEn soutenant l\u2019IHU RespirERA, vous participez activement \u00e0 l&rsquo;avanc\u00e9e de la recherche et \u00e0 l&rsquo;am\u00e9lioration des soins pour les maladies respiratoires, offrant ainsi de nouvelles perspectives aux patients et \u00e0 leurs familles.\t\t\t\t\t\t\t\t<\/div>\n\t\t\t\t\t<\/div>\n\t\t<\/div>\n\t\t\t\t\t<\/div>\n\t\t<\/section>\n\t\t\t\t<\/div>\n\t\t\t\t<\/div>\n\t\t\t\t\t\t<\/div>\n\t\t\t\t<\/div>\n\t\t\t\t\t<\/div>\n\t\t<\/div>\n\t\t\t\t\t<\/div>\n\t\t<\/section>\n\t\t\t\t<section class=\"elementor-section elementor-top-section elementor-element elementor-element-63c7d20 elementor-section-content-middle elementor-reverse-mobile elementor-section-boxed elementor-section-height-default elementor-section-height-default\" data-id=\"63c7d20\" data-element_type=\"section\" data-e-type=\"section\" id=\"pourquoi\" data-settings=\"{&quot;background_background&quot;:&quot;classic&quot;}\">\n\t\t\t\t\t\t<div class=\"elementor-container elementor-column-gap-wider\">\n\t\t\t\t\t<div class=\"elementor-column elementor-col-66 elementor-top-column elementor-element elementor-element-48fff6f\" data-id=\"48fff6f\" data-element_type=\"column\" data-e-type=\"column\" data-settings=\"{&quot;background_background&quot;:&quot;classic&quot;}\">\n\t\t\t<div class=\"elementor-widget-wrap elementor-element-populated\">\n\t\t\t\t\t\t<div class=\"elementor-element elementor-element-ce7b5eb elementor-invisible elementor-widget elementor-widget-heading\" data-id=\"ce7b5eb\" data-element_type=\"widget\" data-e-type=\"widget\" data-settings=\"{&quot;_animation&quot;:&quot;fadeInUp&quot;,&quot;_animation_delay&quot;:300}\" data-widget_type=\"heading.default\">\n\t\t\t\t\t<h2 class=\"elementor-heading-title elementor-size-default\">Pourquoi nous soutenir ?<\/h2>\t\t\t\t<\/div>\n\t\t\t\t<div class=\"elementor-element elementor-element-2c92cdc elementor-invisible elementor-widget elementor-widget-text-editor\" data-id=\"2c92cdc\" data-element_type=\"widget\" data-e-type=\"widget\" data-settings=\"{&quot;_animation&quot;:&quot;fadeInUp&quot;,&quot;_animation_delay&quot;:300}\" data-widget_type=\"text-editor.default\">\n\t\t\t\t\t\t\t\t\t<p>Les maladies respiratoires constituent l\u2019un des principaux d\u00e9fis de sant\u00e9 publique, touchant des millions de personnes dans le monde. Chaque ann\u00e9e, elles provoquent pr\u00e8s de 4 millions de d\u00e9c\u00e8s, incluant des pathologies graves telles que :<\/p><ul><li>L\u2019asthme<\/li><li>La broncho-pneumopathie chronique obstructive (BPCO)<\/li><li>Les cancers du poumon<\/li><\/ul><p><span style=\"color: var( --e-global-color-text ); font-size: 1rem;\">\u00a0<\/span><\/p><p><span style=\"color: var( --e-global-color-text ); font-size: 1rem;\">Ces probl\u00e8mes s\u2019aggravent face \u00e0 l\u2019augmentation des facteurs de risque, comme la pollution de l\u2019air, qui cause pr\u00e8s de 40 000 d\u00e9c\u00e8s pr\u00e9matur\u00e9s chaque ann\u00e9e en France, m\u00eame parmi les non-fumeurs. D&rsquo;autres risques incluent le tabagisme et l&rsquo;exposition \u00e0 des substances toxiques. Les changements environnementaux vont \u00e9galement modifier les allerg\u00e8nes respiratoires. L\u2019OMS, place les allergies respiratoires au quatri\u00e8me rang des maladies chroniques avec un impact sanitaire, \u00e9conomique et social \u00e0 tous les \u00e2ges de la vie.<\/span><\/p>\t\t\t\t\t\t\t\t<\/div>\n\t\t\t\t\t<\/div>\n\t\t<\/div>\n\t\t\t\t<div class=\"elementor-column elementor-col-33 elementor-top-column elementor-element elementor-element-2ba4507\" data-id=\"2ba4507\" data-element_type=\"column\" data-e-type=\"column\">\n\t\t\t<div class=\"elementor-widget-wrap elementor-element-populated\">\n\t\t\t\t\t\t<div class=\"elementor-element elementor-element-965a3e1 elementor-invisible elementor-widget elementor-widget-image\" data-id=\"965a3e1\" data-element_type=\"widget\" data-e-type=\"widget\" data-settings=\"{&quot;_animation&quot;:&quot;fadeInRight&quot;}\" data-widget_type=\"image.default\">\n\t\t\t\t\t\t\t\t\t\t\t\t\t\t\t<img fetchpriority=\"high\" decoding=\"async\" width=\"608\" height=\"638\" src=\"https:\/\/preprod.ihu-respirera.fr\/wp-content\/uploads\/2024\/12\/palpation-e1737712596335.webp\" class=\"attachment-full size-full wp-image-2578\" alt=\"Palpation\" srcset=\"https:\/\/preprod.ihu-respirera.fr\/wp-content\/uploads\/2024\/12\/palpation-e1737712596335.webp 608w, https:\/\/preprod.ihu-respirera.fr\/wp-content\/uploads\/2024\/12\/palpation-e1737712596335-600x630.webp 600w, https:\/\/preprod.ihu-respirera.fr\/wp-content\/uploads\/2024\/12\/palpation-e1737712596335-343x360.webp 343w, https:\/\/preprod.ihu-respirera.fr\/wp-content\/uploads\/2024\/12\/palpation-e1737712596335-11x12.webp 11w\" sizes=\"(max-width: 608px) 100vw, 608px\" \/>\t\t\t\t\t\t\t\t\t\t\t\t\t\t\t<\/div>\n\t\t\t\t\t<\/div>\n\t\t<\/div>\n\t\t\t\t\t<\/div>\n\t\t<\/section>\n\t\t\t\t<section class=\"elementor-section elementor-top-section elementor-element elementor-element-23bcfb5 elementor-section-content-middle elementor-section-boxed elementor-section-height-default elementor-section-height-default\" data-id=\"23bcfb5\" data-element_type=\"section\" data-e-type=\"section\" data-settings=\"{&quot;background_background&quot;:&quot;classic&quot;}\">\n\t\t\t\t\t\t<div class=\"elementor-container elementor-column-gap-wider\">\n\t\t\t\t\t<div class=\"elementor-column elementor-col-33 elementor-top-column elementor-element elementor-element-dd6da4e\" data-id=\"dd6da4e\" data-element_type=\"column\" data-e-type=\"column\">\n\t\t\t<div class=\"elementor-widget-wrap elementor-element-populated\">\n\t\t\t\t\t\t<div class=\"elementor-element elementor-element-63577d3 elementor-invisible elementor-widget elementor-widget-image\" data-id=\"63577d3\" data-element_type=\"widget\" data-e-type=\"widget\" data-settings=\"{&quot;_animation&quot;:&quot;fadeInLeft&quot;}\" data-widget_type=\"image.default\">\n\t\t\t\t\t\t\t\t\t\t\t\t\t\t\t<img decoding=\"async\" width=\"768\" height=\"512\" src=\"https:\/\/preprod.ihu-respirera.fr\/wp-content\/uploads\/2025\/01\/IHU-soutenir-768x512.webp\" class=\"attachment-medium_large size-medium_large wp-image-3793\" alt=\"\" srcset=\"https:\/\/preprod.ihu-respirera.fr\/wp-content\/uploads\/2025\/01\/IHU-soutenir-768x512.webp 768w, https:\/\/preprod.ihu-respirera.fr\/wp-content\/uploads\/2025\/01\/IHU-soutenir-600x400.webp 600w, https:\/\/preprod.ihu-respirera.fr\/wp-content\/uploads\/2025\/01\/IHU-soutenir-540x360.webp 540w, https:\/\/preprod.ihu-respirera.fr\/wp-content\/uploads\/2025\/01\/IHU-soutenir-18x12.webp 18w, https:\/\/preprod.ihu-respirera.fr\/wp-content\/uploads\/2025\/01\/IHU-soutenir.webp 800w\" sizes=\"(max-width: 768px) 100vw, 768px\" \/>\t\t\t\t\t\t\t\t\t\t\t\t\t\t\t<\/div>\n\t\t\t\t\t<\/div>\n\t\t<\/div>\n\t\t\t\t<div class=\"elementor-column elementor-col-66 elementor-top-column elementor-element elementor-element-973a685\" data-id=\"973a685\" data-element_type=\"column\" data-e-type=\"column\" data-settings=\"{&quot;background_background&quot;:&quot;classic&quot;}\">\n\t\t\t<div class=\"elementor-widget-wrap elementor-element-populated\">\n\t\t\t\t\t\t<div class=\"elementor-element elementor-element-6c43bab elementor-invisible elementor-widget elementor-widget-heading\" data-id=\"6c43bab\" data-element_type=\"widget\" data-e-type=\"widget\" data-settings=\"{&quot;_animation&quot;:&quot;fadeInUp&quot;,&quot;_animation_delay&quot;:300}\" data-widget_type=\"heading.default\">\n\t\t\t\t\t<h2 class=\"elementor-heading-title elementor-size-default\">Soutenir l\u2019IHU RespirERA, c\u2019est :<\/h2>\t\t\t\t<\/div>\n\t\t\t\t<div class=\"elementor-element elementor-element-92d1805 elementor-invisible elementor-widget elementor-widget-text-editor\" data-id=\"92d1805\" data-element_type=\"widget\" data-e-type=\"widget\" data-settings=\"{&quot;_animation&quot;:&quot;fadeInUp&quot;}\" data-widget_type=\"text-editor.default\">\n\t\t\t\t\t\t\t\t\t<ul><li>Aider les chercheurs \u00e0 comprendre les causes complexes des maladies respiratoires.<\/li><li>Encourager le d\u00e9veloppement de traitements innovants.<\/li><li>Favoriser la mise en place de strat\u00e9gies de pr\u00e9vention adapt\u00e9es.<\/li><\/ul><p>\u00a0<\/p><p>Chaque contribution rapproche l\u2019IHU RespirERA de d\u00e9couvertes qui changeront la vie de millions de personnes touch\u00e9es par les maladies respiratoires.<\/p><p>En devenant donateur, votre nom ou celui de votre entreprise prend vie dans \u00ab\u00a0Les poumons de l\u2019Institut\u00a0\u00bb : un nuage de noms symbolisant l\u2019\u00e9lan collectif qui insuffle innovation et espoir \u00e0 l\u2019IHU RespirERA.<\/p>\t\t\t\t\t\t\t\t<\/div>\n\t\t\t\t\t<\/div>\n\t\t<\/div>\n\t\t\t\t\t<\/div>\n\t\t<\/section>\n\t\t\t\t<section class=\"elementor-section elementor-top-section elementor-element elementor-element-19119b0 elementor-section-boxed elementor-section-height-default elementor-section-height-default\" data-id=\"19119b0\" data-element_type=\"section\" data-e-type=\"section\" data-settings=\"{&quot;background_background&quot;:&quot;classic&quot;}\">\n\t\t\t\t\t\t<div class=\"elementor-container elementor-column-gap-wide\">\n\t\t\t\t\t<div class=\"elementor-column elementor-col-100 elementor-top-column elementor-element elementor-element-df75d29\" data-id=\"df75d29\" data-element_type=\"column\" data-e-type=\"column\">\n\t\t\t<div class=\"elementor-widget-wrap elementor-element-populated\">\n\t\t\t\t\t\t<div class=\"elementor-element elementor-element-6ef22d7 elementor-invisible elementor-widget elementor-widget-heading\" data-id=\"6ef22d7\" data-element_type=\"widget\" data-e-type=\"widget\" data-settings=\"{&quot;_animation&quot;:&quot;fadeInUp&quot;,&quot;_animation_delay&quot;:300}\" data-widget_type=\"heading.default\">\n\t\t\t\t\t<h2 class=\"elementor-heading-title elementor-size-default\">Comment nous soutenir ?<\/h2>\t\t\t\t<\/div>\n\t\t\t\t<div class=\"elementor-element elementor-element-4f0d029 elementor-invisible elementor-widget elementor-widget-text-editor\" data-id=\"4f0d029\" data-element_type=\"widget\" data-e-type=\"widget\" data-settings=\"{&quot;_animation&quot;:&quot;fadeInUp&quot;}\" data-widget_type=\"text-editor.default\">\n\t\t\t\t\t\t\t\t\t<p>Votre soutien est essentiel pour poursuivre nos projets et relever les d\u00e9fis de demain. Plusieurs options s\u2019offrent \u00e0 vous :<\/p><ul><li>Dons en ligne : Faites un don en quelques clics via notre plateforme s\u00e9curis\u00e9e. Vous pouvez choisir entre un don unique ou un don r\u00e9gulier.<\/li><li>M\u00e9c\u00e9nat d\u2019entreprise : Engagez votre entreprise dans un partenariat avec l\u2019IHU RespirERA. Votre soutien contribuera de mani\u00e8re durable \u00e0 la recherche tout en refl\u00e9tant votre engagement soci\u00e9tal.<\/li><\/ul><p>\u00a0<\/p><p>En soutenant l\u2019Institut, vous pouvez b\u00e9n\u00e9ficier d\u2019avantages fiscaux significatifs, avec des r\u00e9ductions d\u2019imp\u00f4ts pr\u00e9vues par la loi. De plus, nous respectons la volont\u00e9 de ceux qui souhaitent rester anonymes.<\/p>\t\t\t\t\t\t\t\t<\/div>\n\t\t\t\t<div class=\"elementor-element elementor-element-d6a8bfe elementor-invisible elementor-widget elementor-widget-button\" data-id=\"d6a8bfe\" data-element_type=\"widget\" data-e-type=\"widget\" data-settings=\"{&quot;_animation&quot;:&quot;fadeInUp&quot;}\" data-widget_type=\"button.default\">\n\t\t\t\t\t\t\t\t\t\t<a class=\"elementor-button elementor-button-link elementor-size-sm\" href=\"https:\/\/preprod.ihu-respirera.fr\/fr\/faire-un-don\/\">\n\t\t\t\t\t\t<span class=\"elementor-button-content-wrapper\">\n\t\t\t\t\t\t\t\t\t<span class=\"elementor-button-text\">Faire un don<\/span>\n\t\t\t\t\t<\/span>\n\t\t\t\t\t<\/a>\n\t\t\t\t\t\t\t\t<\/div>\n\t\t\t\t<div class=\"elementor-element elementor-element-a8955a8 elementor-widget elementor-widget-menu-anchor\" data-id=\"a8955a8\" data-element_type=\"widget\" data-e-type=\"widget\" data-widget_type=\"menu-anchor.default\">\n\t\t\t\t\t\t\t<div class=\"elementor-menu-anchor\" id=\"donateurs\"><\/div>\n\t\t\t\t\t\t<\/div>\n\t\t\t\t\t<\/div>\n\t\t<\/div>\n\t\t\t\t\t<\/div>\n\t\t<\/section>\n\t\t\t\t<section class=\"elementor-section elementor-top-section elementor-element elementor-element-35d4893 elementor-section-boxed elementor-section-height-default elementor-section-height-default\" data-id=\"35d4893\" data-element_type=\"section\" data-e-type=\"section\">\n\t\t\t\t\t\t<div class=\"elementor-container elementor-column-gap-wide\">\n\t\t\t\t\t<div class=\"elementor-column elementor-col-100 elementor-top-column elementor-element elementor-element-0ad6e26\" data-id=\"0ad6e26\" data-element_type=\"column\" data-e-type=\"column\">\n\t\t\t<div class=\"elementor-widget-wrap elementor-element-populated\">\n\t\t\t\t\t\t<div class=\"elementor-element elementor-element-8705e0e elementor-invisible elementor-widget elementor-widget-heading\" data-id=\"8705e0e\" data-element_type=\"widget\" data-e-type=\"widget\" data-settings=\"{&quot;_animation&quot;:&quot;fadeInUp&quot;,&quot;_animation_delay&quot;:300}\" data-widget_type=\"heading.default\">\n\t\t\t\t\t<h3 class=\"elementor-heading-title elementor-size-default\"><b>Les poumons de l\u2019institut,<br><\/b>un souffle collectif pour la recherche<\/h3>\t\t\t\t<\/div>\n\t\t\t\t<div class=\"elementor-element elementor-element-a6d29a4 elementor-invisible elementor-widget elementor-widget-text-editor\" data-id=\"a6d29a4\" data-element_type=\"widget\" data-e-type=\"widget\" data-settings=\"{&quot;_animation&quot;:&quot;fadeInUp&quot;}\" data-widget_type=\"text-editor.default\">\n\t\t\t\t\t\t\t\t\t<p>Ce nuage de noms incarne la g\u00e9n\u00e9rosit\u00e9 et l\u2019engagement de nos donateurs et m\u00e9c\u00e8nes. Chaque nom inscrit symbolise un souffle apport\u00e9 \u00e0 la recherche en sant\u00e9 respiratoire.<\/p><p><strong>Vous aussi, rejoignez \u201cLes poumons de l\u2019institut\u201d et faites partie de cet \u00e9lan collectif qui donne \u00e0 l\u2019IHU RespirERA la force de relever les d\u00e9fis de demain !<\/strong><\/p>\t\t\t\t\t\t\t\t<\/div>\n\t\t\t\t<div class=\"elementor-element elementor-element-bea9f63 elementor-invisible elementor-widget elementor-widget-heading\" data-id=\"bea9f63\" data-element_type=\"widget\" data-e-type=\"widget\" data-settings=\"{&quot;_animation&quot;:&quot;fadeInUp&quot;,&quot;_animation_delay&quot;:300}\" data-widget_type=\"heading.default\">\n\t\t\t\t\t<h3 class=\"elementor-heading-title elementor-size-default\">Mur des donateurs et m\u00e9c\u00e8nes<\/h3>\t\t\t\t<\/div>\n\t\t\t\t<div class=\"elementor-element elementor-element-55eb840 elementor-invisible elementor-widget elementor-widget-text-editor\" data-id=\"55eb840\" data-element_type=\"widget\" data-e-type=\"widget\" data-settings=\"{&quot;_animation&quot;:&quot;fadeInUp&quot;}\" data-widget_type=\"text-editor.default\">\n\t\t\t\t\t\t\t\t\t<p>Nous tenons \u00e0 remercier chaleureusement chacun de nos donateurs et m\u00e9c\u00e8nes. Ce mur de soutien rend hommage \u00e0 ceux dont la g\u00e9n\u00e9rosit\u00e9 contribue chaque jour \u00e0 faire progresser la science et les soins.<\/p>\n<p><span style=\"font-size: 1rem;\">Chaque don, quel qu\u2019en soit le montant, fait une r\u00e9elle diff\u00e9rence et rapproche l\u2019Institut de nouvelles avanc\u00e9es et d\u00e9couvertes. Nous vous remercions pour votre soutien et votre confiance.<\/span><\/p>\t\t\t\t\t\t\t\t<\/div>\n\t\t\t\t\t<\/div>\n\t\t<\/div>\n\t\t\t\t\t<\/div>\n\t\t<\/section>\n\t\t\t\t<\/div>\n\t\t","protected":false},"excerpt":{"rendered":"<p>En soutenant l\u2019IHU RespirERA, vous participez activement \u00e0 l&rsquo;avanc\u00e9e de la recherche et \u00e0 l&rsquo;am\u00e9lioration des soins pour les maladies respiratoires, offrant ainsi de nouvelles perspectives aux patients et \u00e0 leurs familles.<\/p>\n","protected":false},"author":8,"featured_media":1882,"parent":0,"menu_order":0,"comment_status":"closed","ping_status":"closed","template":"elementor_header_footer","meta":{"footnotes":""},"folder":[15],"class_list":["post-1160","page","type-page","status-publish","has-post-thumbnail","hentry"],"_links":{"self":[{"href":"https:\/\/preprod.ihu-respirera.fr\/fr\/wp-json\/wp\/v2\/pages\/1160","targetHints":{"allow":["GET"]}}],"collection":[{"href":"https:\/\/preprod.ihu-respirera.fr\/fr\/wp-json\/wp\/v2\/pages"}],"about":[{"href":"https:\/\/preprod.ihu-respirera.fr\/fr\/wp-json\/wp\/v2\/types\/page"}],"author":[{"embeddable":true,"href":"https:\/\/preprod.ihu-respirera.fr\/fr\/wp-json\/wp\/v2\/users\/8"}],"replies":[{"embeddable":true,"href":"https:\/\/preprod.ihu-respirera.fr\/fr\/wp-json\/wp\/v2\/comments?post=1160"}],"version-history":[{"count":0,"href":"https:\/\/preprod.ihu-respirera.fr\/fr\/wp-json\/wp\/v2\/pages\/1160\/revisions"}],"wp:featuredmedia":[{"embeddable":true,"href":"https:\/\/preprod.ihu-respirera.fr\/fr\/wp-json\/wp\/v2\/media\/1882"}],"wp:attachment":[{"href":"https:\/\/preprod.ihu-respirera.fr\/fr\/wp-json\/wp\/v2\/media?parent=1160"}],"wp:term":[{"taxonomy":"folder","embeddable":true,"href":"https:\/\/preprod.ihu-respirera.fr\/fr\/wp-json\/wp\/v2\/folder?post=1160"}],"curies":[{"name":"wp","href":"https:\/\/api.w.org\/{rel}","templated":true}]}}